{"id":1149,"date":"2024-10-09T20:59:52","date_gmt":"2024-10-09T23:59:52","guid":{"rendered":"https:\/\/aldenice.com.br\/?page_id=1149"},"modified":"2024-10-09T23:00:08","modified_gmt":"2024-10-10T02:00:08","slug":"best-senior","status":"publish","type":"page","link":"https:\/\/aldenice.com.br\/index.php\/best-senior\/","title":{"rendered":"Best S\u00eanior"},"content":{"rendered":"\t\t<div data-elementor-type=\"wp-page\" data-elementor-id=\"1149\" class=\"elementor elementor-1149\">\n\t\t\t\t<div class=\"elementor-element elementor-element-ed486b8 e-con-full e-flex e-con e-parent\" data-id=\"ed486b8\" data-element_type=\"container\" data-e-type=\"container\" data-settings=\"{&quot;background_background&quot;:&quot;classic&quot;}\">\n\t\t\t\t<div class=\"elementor-element elementor-element-75de31b elementor-widget elementor-widget-heading\" data-id=\"75de31b\" data-element_type=\"widget\" data-e-type=\"widget\" data-widget_type=\"heading.default\">\n\t\t\t\t<div class=\"elementor-widget-container\">\n\t\t\t\t\t<h2 class=\"elementor-heading-title elementor-size-default\">Best S\u00eanior<\/h2>\t\t\t\t<\/div>\n\t\t\t\t<\/div>\n\t\t\t\t<\/div>\n\t\t<div class=\"elementor-element elementor-element-64ffa9a e-con-full e-flex e-con e-parent\" data-id=\"64ffa9a\" data-element_type=\"container\" data-e-type=\"container\" data-settings=\"{&quot;background_background&quot;:&quot;classic&quot;}\">\n\t\t\t\t<div class=\"elementor-element elementor-element-fb7f6bd elementor-widget elementor-widget-image\" data-id=\"fb7f6bd\" data-element_type=\"widget\" data-e-type=\"widget\" data-widget_type=\"image.default\">\n\t\t\t\t<div class=\"elementor-widget-container\">\n\t\t\t\t\t\t\t\t\t\t\t\t\t\t\t<img fetchpriority=\"high\" decoding=\"async\" width=\"1024\" height=\"1024\" src=\"https:\/\/aldenice.com.br\/wp-content\/uploads\/2024\/10\/best-senior.jpg\" class=\"attachment-large size-large wp-image-1143\" alt=\"\" srcset=\"https:\/\/aldenice.com.br\/wp-content\/uploads\/2024\/10\/best-senior.jpg 1024w, https:\/\/aldenice.com.br\/wp-content\/uploads\/2024\/10\/best-senior-300x300.jpg 300w, https:\/\/aldenice.com.br\/wp-content\/uploads\/2024\/10\/best-senior-150x150.jpg 150w, https:\/\/aldenice.com.br\/wp-content\/uploads\/2024\/10\/best-senior-768x768.jpg 768w\" sizes=\"(max-width: 1024px) 100vw, 1024px\" \/>\t\t\t\t\t\t\t\t\t\t\t\t\t\t\t<\/div>\n\t\t\t\t<\/div>\n\t\t\t\t<\/div>\n\t\t<div class=\"elementor-element elementor-element-90bf072 e-con-full e-flex e-con e-parent\" data-id=\"90bf072\" data-element_type=\"container\" data-e-type=\"container\">\n\t\t\t\t<div class=\"elementor-element elementor-element-ed93cad elementor-widget elementor-widget-text-editor\" data-id=\"ed93cad\" data-element_type=\"widget\" data-e-type=\"widget\" data-widget_type=\"text-editor.default\">\n\t\t\t\t<div class=\"elementor-widget-container\">\n\t\t\t\t\t\t\t\t\t<p>A Best Senior \u00e9 uma operadora de planos de sa\u00fade focada exclusivamente em oferecer solu\u00e7\u00f5es para o p\u00fablico acima de 49 anos. Com uma proposta diferenciada, a Best Senior entende as necessidades dessa fase da vida, proporcionando um atendimento especializado, humanizado e de alta qualidade. Com ampla rede de m\u00e9dicos, hospitais e laborat\u00f3rios credenciados, a operadora oferece acesso a tratamentos, exames e consultas voltados para o cuidado integral da sa\u00fade do adulto e idoso. Ao escolher a Best Senior, voc\u00ea garante um plano de sa\u00fade que valoriza o seu bem-estar, com benef\u00edcios e coberturas pensados para atender suas necessidades espec\u00edficas, promovendo mais qualidade de vida e seguran\u00e7a.<\/p>\t\t\t\t\t\t\t\t<\/div>\n\t\t\t\t<\/div>\n\t\t\t\t<\/div>\n\t\t<div class=\"elementor-element elementor-element-61c9093 e-con-full e-flex e-con e-parent\" data-id=\"61c9093\" data-element_type=\"container\" data-e-type=\"container\" data-settings=\"{&quot;background_background&quot;:&quot;classic&quot;}\">\n\t\t\t\t<div class=\"elementor-element elementor-element-e5637ad elementor-widget elementor-widget-image\" data-id=\"e5637ad\" data-element_type=\"widget\" data-e-type=\"widget\" data-widget_type=\"image.default\">\n\t\t\t\t<div class=\"elementor-widget-container\">\n\t\t\t\t\t\t\t\t\t\t\t\t\t\t\t<img decoding=\"async\" width=\"1024\" height=\"768\" src=\"https:\/\/aldenice.com.br\/wp-content\/uploads\/2024\/10\/IMG_9670.png\" class=\"attachment-full size-full wp-image-1292\" alt=\"\" srcset=\"https:\/\/aldenice.com.br\/wp-content\/uploads\/2024\/10\/IMG_9670.png 1024w, https:\/\/aldenice.com.br\/wp-content\/uploads\/2024\/10\/IMG_9670-300x225.png 300w, https:\/\/aldenice.com.br\/wp-content\/uploads\/2024\/10\/IMG_9670-768x576.png 768w\" sizes=\"(max-width: 1024px) 100vw, 1024px\" \/>\t\t\t\t\t\t\t\t\t\t\t\t\t\t\t<\/div>\n\t\t\t\t<\/div>\n\t\t\t\t<\/div>\n\t\t\t\t<\/div>\n\t\t","protected":false},"excerpt":{"rendered":"<p>Best S\u00eanior A Best Senior \u00e9 uma operadora de planos de sa\u00fade focada exclusivamente em oferecer solu\u00e7\u00f5es para o p\u00fablico acima de 49 anos. Com uma proposta diferenciada, a Best Senior entende as necessidades dessa fase da vida, proporcionando um atendimento especializado, humanizado e de alta qualidade. Com ampla rede de m\u00e9dicos, hospitais e laborat\u00f3rios [&hellip;]<\/p>\n","protected":false},"author":1,"featured_media":1143,"parent":0,"menu_order":0,"comment_status":"closed","ping_status":"closed","template":"","meta":{"site-sidebar-layout":"default","site-content-layout":"default","ast-site-content-layout":"default","site-content-style":"default","site-sidebar-style":"default","ast-global-header-display":"","ast-banner-title-visibility":"","ast-main-header-display":"","ast-hfb-above-header-display":"","ast-hfb-below-header-display":"","ast-hfb-mobile-header-display":"","site-post-title":"disabled","ast-breadcrumbs-content":"","ast-featured-img":"","footer-sml-layout":"","ast-disable-related-posts":"","theme-transparent-header-meta":"default","adv-header-id-meta":"","stick-header-meta":"","header-above-stick-meta":"","header-main-stick-meta":"","header-below-stick-meta":"","astra-migrate-meta-layouts":"set","ast-page-background-enabled":"default","ast-page-background-meta":{"desktop":{"background-color":"var(--ast-global-color-4)","background-image":"","background-repeat":"repeat","background-position":"center center","background-size":"auto","background-attachment":"scroll","background-type":"","background-media":"","overlay-type":"","overlay-color":"","overlay-opacity":"","overlay-gradient":""},"tablet":{"background-color":"","background-image":"","background-repeat":"repeat","background-position":"center center","background-size":"auto","background-attachment":"scroll","background-type":"","background-media":"","overlay-type":"","overlay-color":"","overlay-opacity":"","overlay-gradient":""},"mobile":{"background-color":"","background-image":"","background-repeat":"repeat","background-position":"center center","background-size":"auto","background-attachment":"scroll","background-type":"","background-media":"","overlay-type":"","overlay-color":"","overlay-opacity":"","overlay-gradient":""}},"ast-content-background-meta":{"desktop":{"background-color":"var(--ast-global-color-5)","background-image":"","background-repeat":"repeat","background-position":"center center","background-size":"auto","background-attachment":"scroll","background-type":"","background-media":"","overlay-type":"","overlay-color":"","overlay-opacity":"","overlay-gradient":""},"tablet":{"background-color":"var(--ast-global-color-5)","background-image":"","background-repeat":"repeat","background-position":"center center","background-size":"auto","background-attachment":"scroll","background-type":"","background-media":"","overlay-type":"","overlay-color":"","overlay-opacity":"","overlay-gradient":""},"mobile":{"background-color":"var(--ast-global-color-5)","background-image":"","background-repeat":"repeat","background-position":"center center","background-size":"auto","background-attachment":"scroll","background-type":"","background-media":"","overlay-type":"","overlay-color":"","overlay-opacity":"","overlay-gradient":""}},"footnotes":""},"class_list":["post-1149","page","type-page","status-publish","has-post-thumbnail","hentry"],"_links":{"self":[{"href":"https:\/\/aldenice.com.br\/index.php\/wp-json\/wp\/v2\/pages\/1149","targetHints":{"allow":["GET"]}}],"collection":[{"href":"https:\/\/aldenice.com.br\/index.php\/wp-json\/wp\/v2\/pages"}],"about":[{"href":"https:\/\/aldenice.com.br\/index.php\/wp-json\/wp\/v2\/types\/page"}],"author":[{"embeddable":true,"href":"https:\/\/aldenice.com.br\/index.php\/wp-json\/wp\/v2\/users\/1"}],"replies":[{"embeddable":true,"href":"https:\/\/aldenice.com.br\/index.php\/wp-json\/wp\/v2\/comments?post=1149"}],"version-history":[{"count":51,"href":"https:\/\/aldenice.com.br\/index.php\/wp-json\/wp\/v2\/pages\/1149\/revisions"}],"predecessor-version":[{"id":1297,"href":"https:\/\/aldenice.com.br\/index.php\/wp-json\/wp\/v2\/pages\/1149\/revisions\/1297"}],"wp:featuredmedia":[{"embeddable":true,"href":"https:\/\/aldenice.com.br\/index.php\/wp-json\/wp\/v2\/media\/1143"}],"wp:attachment":[{"href":"https:\/\/aldenice.com.br\/index.php\/wp-json\/wp\/v2\/media?parent=1149"}],"curies":[{"name":"wp","href":"https:\/\/api.w.org\/{rel}","templated":true}]}}