{"id":13,"date":"2023-08-08T15:28:23","date_gmt":"2023-08-08T18:28:23","guid":{"rendered":"https:\/\/aldenice.com.br\/?page_id=13"},"modified":"2023-09-07T02:12:26","modified_gmt":"2023-09-07T05:12:26","slug":"quem-somos","status":"publish","type":"page","link":"https:\/\/aldenice.com.br\/index.php\/quem-somos\/","title":{"rendered":"Quem somos"},"content":{"rendered":"\t\t<div data-elementor-type=\"wp-page\" data-elementor-id=\"13\" class=\"elementor elementor-13\">\n\t\t\t\t<div class=\"elementor-element elementor-element-5a08461 e-con-full e-flex e-con e-parent\" data-id=\"5a08461\" data-element_type=\"container\" data-e-type=\"container\" data-settings=\"{&quot;background_background&quot;:&quot;classic&quot;}\">\n\t\t\t\t<div class=\"elementor-element elementor-element-bbde321 elementor-widget elementor-widget-heading\" data-id=\"bbde321\" data-element_type=\"widget\" data-e-type=\"widget\" data-widget_type=\"heading.default\">\n\t\t\t\t<div class=\"elementor-widget-container\">\n\t\t\t\t\t<h2 class=\"elementor-heading-title elementor-size-default\">Aldenice Torres Viana<\/h2>\t\t\t\t<\/div>\n\t\t\t\t<\/div>\n\t\t\t\t<\/div>\n\t\t<div class=\"elementor-element elementor-element-9eb967c e-flex e-con-boxed e-con e-parent\" data-id=\"9eb967c\" data-element_type=\"container\" data-e-type=\"container\" data-settings=\"{&quot;background_background&quot;:&quot;classic&quot;}\">\n\t\t\t\t\t<div class=\"e-con-inner\">\n\t\t\t\t<div class=\"elementor-element elementor-element-b3d79ef elementor-widget elementor-widget-image\" data-id=\"b3d79ef\" data-element_type=\"widget\" data-e-type=\"widget\" data-widget_type=\"image.default\">\n\t\t\t\t<div class=\"elementor-widget-container\">\n\t\t\t\t\t\t\t\t\t\t\t\t\t\t\t<img fetchpriority=\"high\" decoding=\"async\" width=\"300\" height=\"275\" src=\"https:\/\/aldenice.com.br\/wp-content\/uploads\/2023\/08\/IMG_2911-300x275.jpeg\" class=\"attachment-medium size-medium wp-image-41\" alt=\"\" srcset=\"https:\/\/aldenice.com.br\/wp-content\/uploads\/2023\/08\/IMG_2911-300x275.jpeg 300w, https:\/\/aldenice.com.br\/wp-content\/uploads\/2023\/08\/IMG_2911-1024x939.jpeg 1024w, https:\/\/aldenice.com.br\/wp-content\/uploads\/2023\/08\/IMG_2911-768x705.jpeg 768w, https:\/\/aldenice.com.br\/wp-content\/uploads\/2023\/08\/IMG_2911.jpeg 1283w\" sizes=\"(max-width: 300px) 100vw, 300px\" \/>\t\t\t\t\t\t\t\t\t\t\t\t\t\t\t<\/div>\n\t\t\t\t<\/div>\n\t\t\t\t\t<\/div>\n\t\t\t\t<\/div>\n\t\t<div class=\"elementor-element elementor-element-a0512ea e-con-full e-flex e-con e-parent\" data-id=\"a0512ea\" data-element_type=\"container\" data-e-type=\"container\">\n\t\t\t\t<div class=\"elementor-element elementor-element-627b97e elementor-widget elementor-widget-text-editor\" data-id=\"627b97e\" data-element_type=\"widget\" data-e-type=\"widget\" data-widget_type=\"text-editor.default\">\n\t\t\t\t<div class=\"elementor-widget-container\">\n\t\t\t\t\t\t\t\t\t<p>Aldenice Torres, corretora de planos de sa\u00fade comprometida em proporcionar qualidade de vida atrav\u00e9s dos melhores planos dispon\u00edveis no mercado. Com uma vasta experi\u00eancia de mais de 20 anos, nos tornamos autoridade no ramo de planos de sa\u00fade.<\/p><p>Nosso principal objetivo \u00e9 garantir que voc\u00ea tenha acesso aos melhores servi\u00e7os de sa\u00fade, para que possa desfrutar de uma vida plena e saud\u00e1vel. Sabemos que a sa\u00fade \u00e9 um bem precioso e, por isso, trabalhamos incansavelmente para oferecer op\u00e7\u00f5es que atendam \u00e0s suas necessidades e expectativas.<\/p><p>Ao escolher nossos servi\u00e7os, voc\u00ea estar\u00e1 colocando sua sa\u00fade em boas m\u00e3os. Nossa equipe de profissionais altamente qualificados est\u00e1 pronta para auxili\u00e1-lo na escolha do plano ideal, levando em considera\u00e7\u00e3o suas prefer\u00eancias, condi\u00e7\u00f5es financeiras e coberturas desejadas.<\/p><p>Acreditamos que cada indiv\u00edduo \u00e9 \u00fanico e, por isso, oferecemos um atendimento personalizado, buscando entender suas necessidades espec\u00edficas e encontrar a solu\u00e7\u00e3o mais adequada para voc\u00ea e sua fam\u00edlia. Nossa miss\u00e3o \u00e9 proporcionar tranquilidade e seguran\u00e7a, sabendo que voc\u00ea est\u00e1 amparado por um plano de sa\u00fade confi\u00e1vel e eficiente.<\/p><p>Fa\u00e7a sua cota\u00e7\u00e3o conosco e garanta sua sa\u00fade em boas m\u00e3os. Estamos prontos para ajud\u00e1-lo a encontrar o plano de sa\u00fade perfeito para voc\u00ea, com coberturas abrangentes, rede credenciada de qualidade e um excelente custo-benef\u00edcio.<\/p><p>Conte com a Aldenice Torres para cuidar da sua sa\u00fade e desfrutar de uma vida plena e tranquila. Estamos aqui para oferecer todo o suporte necess\u00e1rio e garantir que voc\u00ea tenha acesso aos melhores servi\u00e7os de sa\u00fade dispon\u00edveis. Sua sa\u00fade \u00e9 nossa prioridade!<\/p>\t\t\t\t\t\t\t\t<\/div>\n\t\t\t\t<\/div>\n\t\t\t\t<\/div>\n\t\t\t\t<\/div>\n\t\t","protected":false},"excerpt":{"rendered":"<p>Aldenice Torres Viana Aldenice Torres, corretora de planos de sa\u00fade comprometida em proporcionar qualidade de vida atrav\u00e9s dos melhores planos dispon\u00edveis no mercado. Com uma vasta experi\u00eancia de mais de 20 anos, nos tornamos autoridade no ramo de planos de sa\u00fade. Nosso principal objetivo \u00e9 garantir que voc\u00ea tenha acesso aos melhores servi\u00e7os de sa\u00fade, [&hellip;]<\/p>\n","protected":false},"author":1,"featured_media":0,"parent":0,"menu_order":0,"comment_status":"closed","ping_status":"closed","template":"","meta":{"site-sidebar-layout":"default","site-content-layout":"default","ast-site-content-layout":"default","site-content-style":"default","site-sidebar-style":"default","ast-global-header-display":"","ast-banner-title-visibility":"","ast-main-header-display":"","ast-hfb-above-header-display":"","ast-hfb-below-header-display":"","ast-hfb-mobile-header-display":"","site-post-title":"","ast-breadcrumbs-content":"","ast-featured-img":"","footer-sml-layout":"","ast-disable-related-posts":"","theme-transparent-header-meta":"default","adv-header-id-meta":"","stick-header-meta":"","header-above-stick-meta":"","header-main-stick-meta":"","header-below-stick-meta":"","astra-migrate-meta-layouts":"set","ast-page-background-enabled":"default","ast-page-background-meta":{"desktop":{"background-color":"var(--ast-global-color-4)","background-image":"","background-repeat":"repeat","background-position":"center center","background-size":"auto","background-attachment":"scroll","background-type":"","background-media":"","overlay-type":"","overlay-color":"","overlay-opacity":"","overlay-gradient":""},"tablet":{"background-color":"","background-image":"","background-repeat":"repeat","background-position":"center center","background-size":"auto","background-attachment":"scroll","background-type":"","background-media":"","overlay-type":"","overlay-color":"","overlay-opacity":"","overlay-gradient":""},"mobile":{"background-color":"","background-image":"","background-repeat":"repeat","background-position":"center center","background-size":"auto","background-attachment":"scroll","background-type":"","background-media":"","overlay-type":"","overlay-color":"","overlay-opacity":"","overlay-gradient":""}},"ast-content-background-meta":{"desktop":{"background-color":"var(--ast-global-color-5)","background-image":"","background-repeat":"repeat","background-position":"center center","background-size":"auto","background-attachment":"scroll","background-type":"","background-media":"","overlay-type":"","overlay-color":"","overlay-opacity":"","overlay-gradient":""},"tablet":{"background-color":"var(--ast-global-color-5)","background-image":"","background-repeat":"repeat","background-position":"center center","background-size":"auto","background-attachment":"scroll","background-type":"","background-media":"","overlay-type":"","overlay-color":"","overlay-opacity":"","overlay-gradient":""},"mobile":{"background-color":"var(--ast-global-color-5)","background-image":"","background-repeat":"repeat","background-position":"center center","background-size":"auto","background-attachment":"scroll","background-type":"","background-media":"","overlay-type":"","overlay-color":"","overlay-opacity":"","overlay-gradient":""}},"footnotes":""},"class_list":["post-13","page","type-page","status-publish","hentry"],"_links":{"self":[{"href":"https:\/\/aldenice.com.br\/index.php\/wp-json\/wp\/v2\/pages\/13","targetHints":{"allow":["GET"]}}],"collection":[{"href":"https:\/\/aldenice.com.br\/index.php\/wp-json\/wp\/v2\/pages"}],"about":[{"href":"https:\/\/aldenice.com.br\/index.php\/wp-json\/wp\/v2\/types\/page"}],"author":[{"embeddable":true,"href":"https:\/\/aldenice.com.br\/index.php\/wp-json\/wp\/v2\/users\/1"}],"replies":[{"embeddable":true,"href":"https:\/\/aldenice.com.br\/index.php\/wp-json\/wp\/v2\/comments?post=13"}],"version-history":[{"count":27,"href":"https:\/\/aldenice.com.br\/index.php\/wp-json\/wp\/v2\/pages\/13\/revisions"}],"predecessor-version":[{"id":303,"href":"https:\/\/aldenice.com.br\/index.php\/wp-json\/wp\/v2\/pages\/13\/revisions\/303"}],"wp:attachment":[{"href":"https:\/\/aldenice.com.br\/index.php\/wp-json\/wp\/v2\/media?parent=13"}],"curies":[{"name":"wp","href":"https:\/\/api.w.org\/{rel}","templated":true}]}}