{"id":17,"date":"2023-08-08T15:29:11","date_gmt":"2023-08-08T18:29:11","guid":{"rendered":"https:\/\/aldenice.com.br\/?page_id=17"},"modified":"2024-10-09T16:26:20","modified_gmt":"2024-10-09T19:26:20","slug":"unimed","status":"publish","type":"page","link":"https:\/\/aldenice.com.br\/index.php\/unimed\/","title":{"rendered":"Unimed"},"content":{"rendered":"\t\t<div data-elementor-type=\"wp-page\" data-elementor-id=\"17\" class=\"elementor elementor-17\">\n\t\t\t\t<div class=\"elementor-element elementor-element-43fc24c8 e-con-full e-flex e-con e-parent\" data-id=\"43fc24c8\" data-element_type=\"container\" data-e-type=\"container\" data-settings=\"{&quot;background_background&quot;:&quot;classic&quot;}\">\n\t\t\t\t<div class=\"elementor-element elementor-element-6ddc4596 elementor-widget elementor-widget-heading\" data-id=\"6ddc4596\" data-element_type=\"widget\" data-e-type=\"widget\" data-widget_type=\"heading.default\">\n\t\t\t\t<div class=\"elementor-widget-container\">\n\t\t\t\t\t<h2 class=\"elementor-heading-title elementor-size-default\">Unimed<\/h2>\t\t\t\t<\/div>\n\t\t\t\t<\/div>\n\t\t\t\t<\/div>\n\t\t<div class=\"elementor-element elementor-element-1cc0f063 e-con-full e-flex e-con e-parent\" data-id=\"1cc0f063\" data-element_type=\"container\" data-e-type=\"container\" data-settings=\"{&quot;background_background&quot;:&quot;classic&quot;}\">\n\t\t\t\t<div class=\"elementor-element elementor-element-2fba23d7 elementor-widget elementor-widget-image\" data-id=\"2fba23d7\" data-element_type=\"widget\" data-e-type=\"widget\" data-widget_type=\"image.default\">\n\t\t\t\t<div class=\"elementor-widget-container\">\n\t\t\t\t\t\t\t\t\t\t\t\t\t\t\t<img fetchpriority=\"high\" decoding=\"async\" width=\"1024\" height=\"1024\" src=\"https:\/\/aldenice.com.br\/wp-content\/uploads\/2024\/10\/IMG_9653.webp\" class=\"attachment-full size-full wp-image-1036\" alt=\"\" srcset=\"https:\/\/aldenice.com.br\/wp-content\/uploads\/2024\/10\/IMG_9653.webp 1024w, https:\/\/aldenice.com.br\/wp-content\/uploads\/2024\/10\/IMG_9653-300x300.webp 300w, https:\/\/aldenice.com.br\/wp-content\/uploads\/2024\/10\/IMG_9653-150x150.webp 150w, https:\/\/aldenice.com.br\/wp-content\/uploads\/2024\/10\/IMG_9653-768x768.webp 768w\" sizes=\"(max-width: 1024px) 100vw, 1024px\" \/>\t\t\t\t\t\t\t\t\t\t\t\t\t\t\t<\/div>\n\t\t\t\t<\/div>\n\t\t\t\t<\/div>\n\t\t<div class=\"elementor-element elementor-element-2ee2e9f5 e-con-full e-flex e-con e-parent\" data-id=\"2ee2e9f5\" data-element_type=\"container\" data-e-type=\"container\">\n\t\t\t\t<div class=\"elementor-element elementor-element-d63953e elementor-widget elementor-widget-text-editor\" data-id=\"d63953e\" data-element_type=\"widget\" data-e-type=\"widget\" data-widget_type=\"text-editor.default\">\n\t\t\t\t<div class=\"elementor-widget-container\">\n\t\t\t\t\t\t\t\t\t<p>A Unimed \u00e9 a maior cooperativa de sa\u00fade do mundo e refer\u00eancia em atendimento m\u00e9dico no Brasil, oferecendo planos de sa\u00fade com uma vasta rede de hospitais, cl\u00ednicas e laborat\u00f3rios credenciados. Reconhecida pela qualidade e excel\u00eancia no cuidado com seus clientes, a Unimed se destaca por proporcionar servi\u00e7os completos, que v\u00e3o desde consultas de rotina at\u00e9 tratamentos de alta complexidade. Com uma forte presen\u00e7a em todo o pa\u00eds, a Unimed investe em tecnologia, inova\u00e7\u00e3o e atendimento humanizado para garantir o bem-estar e a seguran\u00e7a de cada benefici\u00e1rio. Ao escolher a Unimed, voc\u00ea conta com uma marca s\u00f3lida e confi\u00e1vel, que prioriza a sua sa\u00fade e a de sua fam\u00edlia.<\/p>\t\t\t\t\t\t\t\t<\/div>\n\t\t\t\t<\/div>\n\t\t\t\t<\/div>\n\t\t\t\t<\/div>\n\t\t","protected":false},"excerpt":{"rendered":"<p>Unimed A Unimed \u00e9 a maior cooperativa de sa\u00fade do mundo e refer\u00eancia em atendimento m\u00e9dico no Brasil, oferecendo planos de sa\u00fade com uma vasta rede de hospitais, cl\u00ednicas e laborat\u00f3rios credenciados. Reconhecida pela qualidade e excel\u00eancia no cuidado com seus clientes, a Unimed se destaca por proporcionar servi\u00e7os completos, que v\u00e3o desde consultas de [&hellip;]<\/p>\n","protected":false},"author":1,"featured_media":0,"parent":0,"menu_order":0,"comment_status":"closed","ping_status":"closed","template":"","meta":{"site-sidebar-layout":"default","site-content-layout":"default","ast-site-content-layout":"default","site-content-style":"default","site-sidebar-style":"default","ast-global-header-display":"","ast-banner-title-visibility":"","ast-main-header-display":"","ast-hfb-above-header-display":"","ast-hfb-below-header-display":"","ast-hfb-mobile-header-display":"","site-post-title":"disabled","ast-breadcrumbs-content":"","ast-featured-img":"","footer-sml-layout":"","ast-disable-related-posts":"","theme-transparent-header-meta":"default","adv-header-id-meta":"","stick-header-meta":"","header-above-stick-meta":"","header-main-stick-meta":"","header-below-stick-meta":"","astra-migrate-meta-layouts":"set","ast-page-background-enabled":"default","ast-page-background-meta":{"desktop":{"background-color":"var(--ast-global-color-4)","background-image":"","background-repeat":"repeat","background-position":"center center","background-size":"auto","background-attachment":"scroll","background-type":"","background-media":"","overlay-type":"","overlay-color":"","overlay-opacity":"","overlay-gradient":""},"tablet":{"background-color":"","background-image":"","background-repeat":"repeat","background-position":"center center","background-size":"auto","background-attachment":"scroll","background-type":"","background-media":"","overlay-type":"","overlay-color":"","overlay-opacity":"","overlay-gradient":""},"mobile":{"background-color":"","background-image":"","background-repeat":"repeat","background-position":"center center","background-size":"auto","background-attachment":"scroll","background-type":"","background-media":"","overlay-type":"","overlay-color":"","overlay-opacity":"","overlay-gradient":""}},"ast-content-background-meta":{"desktop":{"background-color":"var(--ast-global-color-5)","background-image":"","background-repeat":"repeat","background-position":"center center","background-size":"auto","background-attachment":"scroll","background-type":"","background-media":"","overlay-type":"","overlay-color":"","overlay-opacity":"","overlay-gradient":""},"tablet":{"background-color":"var(--ast-global-color-5)","background-image":"","background-repeat":"repeat","background-position":"center center","background-size":"auto","background-attachment":"scroll","background-type":"","background-media":"","overlay-type":"","overlay-color":"","overlay-opacity":"","overlay-gradient":""},"mobile":{"background-color":"var(--ast-global-color-5)","background-image":"","background-repeat":"repeat","background-position":"center center","background-size":"auto","background-attachment":"scroll","background-type":"","background-media":"","overlay-type":"","overlay-color":"","overlay-opacity":"","overlay-gradient":""}},"footnotes":""},"class_list":["post-17","page","type-page","status-publish","hentry"],"_links":{"self":[{"href":"https:\/\/aldenice.com.br\/index.php\/wp-json\/wp\/v2\/pages\/17","targetHints":{"allow":["GET"]}}],"collection":[{"href":"https:\/\/aldenice.com.br\/index.php\/wp-json\/wp\/v2\/pages"}],"about":[{"href":"https:\/\/aldenice.com.br\/index.php\/wp-json\/wp\/v2\/types\/page"}],"author":[{"embeddable":true,"href":"https:\/\/aldenice.com.br\/index.php\/wp-json\/wp\/v2\/users\/1"}],"replies":[{"embeddable":true,"href":"https:\/\/aldenice.com.br\/index.php\/wp-json\/wp\/v2\/comments?post=17"}],"version-history":[{"count":45,"href":"https:\/\/aldenice.com.br\/index.php\/wp-json\/wp\/v2\/pages\/17\/revisions"}],"predecessor-version":[{"id":1137,"href":"https:\/\/aldenice.com.br\/index.php\/wp-json\/wp\/v2\/pages\/17\/revisions\/1137"}],"wp:attachment":[{"href":"https:\/\/aldenice.com.br\/index.php\/wp-json\/wp\/v2\/media?parent=17"}],"curies":[{"name":"wp","href":"https:\/\/api.w.org\/{rel}","templated":true}]}}